{"id":34,"date":"2025-11-07T19:43:09","date_gmt":"2025-11-07T22:43:09","guid":{"rendered":"https:\/\/brendamarques.com.br\/?page_id=34"},"modified":"2025-11-17T11:37:54","modified_gmt":"2025-11-17T14:37:54","slug":"quem-somos","status":"publish","type":"page","link":"https:\/\/brendamarques.com.br\/index.php\/quem-somos\/","title":{"rendered":"Quem Somos"},"content":{"rendered":"\t\t<div data-elementor-type=\"wp-page\" data-elementor-id=\"34\" class=\"elementor elementor-34\" data-elementor-post-type=\"page\">\n\t\t\t\t<div class=\"elementor-element elementor-element-d23eb0c e-flex e-con-boxed e-con e-parent\" data-id=\"d23eb0c\" data-element_type=\"container\" data-settings=\"{&quot;background_background&quot;:&quot;classic&quot;}\">\n\t\t\t\t\t<div class=\"e-con-inner\">\n\t\t\t\t\t<\/div>\n\t\t\t\t<\/div>\n\t\t<div class=\"elementor-element elementor-element-09a412d e-flex e-con-boxed e-con e-parent\" data-id=\"09a412d\" data-element_type=\"container\" data-settings=\"{&quot;background_background&quot;:&quot;classic&quot;}\">\n\t\t\t\t\t<div class=\"e-con-inner\">\n\t\t\t\t\t<\/div>\n\t\t\t\t<\/div>\n\t\t<div class=\"elementor-element elementor-element-a97a96f e-flex e-con-boxed e-con e-parent\" data-id=\"a97a96f\" data-element_type=\"container\" data-settings=\"{&quot;background_background&quot;:&quot;classic&quot;}\">\n\t\t\t\t\t<div class=\"e-con-inner\">\n\t\t\t\t<div class=\"elementor-element elementor-element-35f638f elementor-invisible elementor-widget elementor-widget-heading\" data-id=\"35f638f\" data-element_type=\"widget\" data-settings=\"{&quot;_animation&quot;:&quot;fadeIn&quot;}\" data-widget_type=\"heading.default\">\n\t\t\t\t\t<h2 class=\"elementor-heading-title elementor-size-default\">Quem Somos - Nossa Hist\u00f3ria<\/h2>\t\t\t\t<\/div>\n\t\t\t\t<div class=\"elementor-element elementor-element-fc1556c elementor-widget-divider--view-line elementor-invisible elementor-widget elementor-widget-divider\" data-id=\"fc1556c\" data-element_type=\"widget\" data-settings=\"{&quot;_animation&quot;:&quot;fadeIn&quot;}\" data-widget_type=\"divider.default\">\n\t\t\t\t\t\t\t<div class=\"elementor-divider\">\n\t\t\t<span class=\"elementor-divider-separator\">\n\t\t\t\t\t\t<\/span>\n\t\t<\/div>\n\t\t\t\t\t\t<\/div>\n\t\t<div class=\"elementor-element elementor-element-d8c7b42 e-con-full e-flex e-con e-child\" data-id=\"d8c7b42\" data-element_type=\"container\">\n\t\t<div class=\"elementor-element elementor-element-9361216 e-con-full e-flex e-con e-child\" data-id=\"9361216\" data-element_type=\"container\">\n\t\t<div class=\"elementor-element elementor-element-d69c953 e-con-full e-flex e-con e-child\" data-id=\"d69c953\" data-element_type=\"container\">\n\t\t<div class=\"elementor-element elementor-element-bf5217f e-con-full e-flex e-con e-child\" data-id=\"bf5217f\" data-element_type=\"container\">\n\t\t\t\t<div class=\"elementor-element elementor-element-942dd1f elementor-invisible elementor-widget elementor-widget-text-editor\" data-id=\"942dd1f\" data-element_type=\"widget\" data-settings=\"{&quot;_animation&quot;:&quot;fadeInUp&quot;}\" data-widget_type=\"text-editor.default\">\n\t\t\t\t\t\t\t\t\t<p><span style=\"font-weight: 400;\">Fundada em <\/span><b>25 de maio de 2012<\/b><span style=\"font-weight: 400;\">, a ent\u00e3o <\/span><b>P&amp;A Marcas e Patentes<\/b><span style=\"font-weight: 400;\"> nasceu do desejo de oferecer <\/span><b>seguran\u00e7a, seriedade e credibilidade<\/b><span style=\"font-weight: 400;\"> a empreendedores e empresas que acreditam no poder das ideias.<\/span><span style=\"font-weight: 400;\"><br \/><\/span><span style=\"font-weight: 400;\"> Ao longo dos anos, construiu uma trajet\u00f3ria s\u00f3lida, marcada pela entrega de resultados, pela confian\u00e7a de centenas de clientes e por mais de <\/span><b>1.500 marcas protegidas<\/b><span style=\"font-weight: 400;\"> em todo o Brasil e exterior, atuamos em diversos paises como Estados Unidos, Uni\u00e3o Europ\u00e9ia, M\u00e9xico, Reino unido, e outros. Em 2025, esse legado evolui e ganha um novo nome: <\/span><b>Brenda Marques Propriedade Intelectual<\/b><span style=\"font-weight: 400;\">.<\/span><span style=\"font-weight: 400;\"><br \/><\/span><span style=\"font-weight: 400;\">A mudan\u00e7a reflete a <\/span><b>for\u00e7a da marca pessoal da fundadora<\/b><span style=\"font-weight: 400;\">, que desde o in\u00edcio esteve \u00e0 frente de cada conquista, liderando com prop\u00f3sito, sensibilidade e vis\u00e3o estrat\u00e9gica.<\/span><\/p><p><span style=\"font-weight: 400;\">Hoje, a empresa consolida sua identidade em torno de um prop\u00f3sito claro:<\/span><\/p><p><b>Acreditamos que toda grande cria\u00e7\u00e3o merece nascer com seguran\u00e7a jur\u00eddica!<\/b><\/p><p><span style=\"font-weight: 400;\">Mais do que um escrit\u00f3rio de registro de marcas e patentes, somos uma <\/span><b>empresa guiada por valores humanos e vis\u00e3o empresarial<\/b><span style=\"font-weight: 400;\">, que protege o que move o mundo, a <\/span><b>criatividade, a inova\u00e7\u00e3o e o empreendedorismo<\/b><span style=\"font-weight: 400;\">.<\/span><\/p><p class=\"p1\"><span style=\"font-weight: 400;\">Com <\/span><b>conhecimento t\u00e9cnico, vis\u00e3o estrat\u00e9gica e compromisso com a originalidade<\/b><span style=\"font-weight: 400;\">, transformamos ideias em patrim\u00f4nio e <\/span><b>marcas em legados<\/b><span style=\"font-weight: 400;\">.<\/span><span style=\"font-weight: 400;\"><br \/><\/span><span style=\"font-weight: 400;\"> Na Brenda Marques Propriedade Intelectual, <\/span><b>crescer com prote\u00e7\u00e3o n\u00e3o \u00e9 apenas uma escolha, \u00e9 o primeiro passo rumo \u00e0 conquista.<\/b><\/p>\t\t\t\t\t\t\t\t<\/div>\n\t\t\t\t<\/div>\n\t\t\t\t<\/div>\n\t\t\t\t<\/div>\n\t\t<div class=\"elementor-element elementor-element-7594e1b e-con-full e-flex e-con e-child\" data-id=\"7594e1b\" data-element_type=\"container\">\n\t\t<div class=\"elementor-element elementor-element-562fd23 e-con-full e-flex e-con e-child\" data-id=\"562fd23\" data-element_type=\"container\" data-settings=\"{&quot;animation&quot;:&quot;none&quot;}\">\n\t\t<div class=\"elementor-element elementor-element-268e380 e-con-full e-flex e-con e-child\" data-id=\"268e380\" data-element_type=\"container\">\n\t\t\t\t<div class=\"elementor-element elementor-element-d13ce94 elementor-invisible elementor-widget elementor-widget-image\" data-id=\"d13ce94\" data-element_type=\"widget\" data-settings=\"{&quot;_animation&quot;:&quot;fadeInRight&quot;}\" data-widget_type=\"image.default\">\n\t\t\t\t\t\t\t\t\t\t\t\t\t\t\t<img fetchpriority=\"high\" decoding=\"async\" width=\"1523\" height=\"1400\" src=\"https:\/\/brendamarques.com.br\/wp-content\/uploads\/2025\/11\/brenda-nova.jpg\" class=\"attachment-full size-full wp-image-499\" alt=\"\" srcset=\"https:\/\/brendamarques.com.br\/wp-content\/uploads\/2025\/11\/brenda-nova.jpg 1523w, https:\/\/brendamarques.com.br\/wp-content\/uploads\/2025\/11\/brenda-nova-300x276.jpg 300w, https:\/\/brendamarques.com.br\/wp-content\/uploads\/2025\/11\/brenda-nova-1024x941.jpg 1024w, https:\/\/brendamarques.com.br\/wp-content\/uploads\/2025\/11\/brenda-nova-768x706.jpg 768w\" sizes=\"(max-width: 1523px) 100vw, 1523px\" \/>\t\t\t\t\t\t\t\t\t\t\t\t\t\t\t<\/div>\n\t\t\t\t<\/div>\n\t\t\t\t<\/div>\n\t\t\t\t<\/div>\n\t\t\t\t<\/div>\n\t\t\t\t\t<\/div>\n\t\t\t\t<\/div>\n\t\t<div class=\"elementor-element elementor-element-479d8cc e-grid e-con-boxed e-con e-parent\" data-id=\"479d8cc\" data-element_type=\"container\" data-settings=\"{&quot;background_background&quot;:&quot;classic&quot;}\">\n\t\t\t\t\t<div class=\"e-con-inner\">\n\t\t\t\t<div class=\"elementor-element elementor-element-961b43e elementor-widget__width-inherit elementor-widget elementor-widget-heading\" data-id=\"961b43e\" data-element_type=\"widget\" data-widget_type=\"heading.default\">\n\t\t\t\t\t<h2 class=\"elementor-heading-title elementor-size-default\">Miss\u00e3o\u200b<\/h2>\t\t\t\t<\/div>\n\t\t\t\t<div class=\"elementor-element elementor-element-97c7107 elementor-widget elementor-widget-text-editor\" data-id=\"97c7107\" data-element_type=\"widget\" data-widget_type=\"text-editor.default\">\n\t\t\t\t\t\t\t\t\t<p>Garantir que cada projeto, marca ou inven\u00e7\u00e3o seja protegida e reconhecida como patrim\u00f4nio, oferecendo\u00a0<b>solu\u00e7\u00f5es completas em propriedade intelectual<\/b>\u00a0com excel\u00eancia t\u00e9cnica, vis\u00e3o estrat\u00e9gica e atendimento humano, pr\u00f3ximo e comprometido com o sucesso de cada cliente.<\/p>\t\t\t\t\t\t\t\t<\/div>\n\t\t\t\t\t<\/div>\n\t\t\t\t<\/div>\n\t\t<div class=\"elementor-element elementor-element-e8d1b7e e-grid e-con-boxed e-con e-parent\" data-id=\"e8d1b7e\" data-element_type=\"container\" data-settings=\"{&quot;background_background&quot;:&quot;classic&quot;}\">\n\t\t\t\t\t<div class=\"e-con-inner\">\n\t\t\t\t<div class=\"elementor-element elementor-element-c2d1351 elementor-widget__width-inherit elementor-widget elementor-widget-heading\" data-id=\"c2d1351\" data-element_type=\"widget\" data-widget_type=\"heading.default\">\n\t\t\t\t\t<h2 class=\"elementor-heading-title elementor-size-default\">Vis\u00e3o\u200b<\/h2>\t\t\t\t<\/div>\n\t\t\t\t<div class=\"elementor-element elementor-element-ef0ca98 elementor-widget elementor-widget-text-editor\" data-id=\"ef0ca98\" data-element_type=\"widget\" data-widget_type=\"text-editor.default\">\n\t\t\t\t\t\t\t\t\t<p><span style=\"font-weight: 400;\">Ser refer\u00eancia nacional em <\/span><b>prote\u00e7\u00e3o e gest\u00e3o estrat\u00e9gica de marcas e patentes<\/b><span style=\"font-weight: 400;\">, reconhecida pela confian\u00e7a, inova\u00e7\u00e3o e impacto positivo que gera no crescimento sustent\u00e1vel de empresas e empreendedores.<\/span><\/p>\t\t\t\t\t\t\t\t<\/div>\n\t\t\t\t\t<\/div>\n\t\t\t\t<\/div>\n\t\t<div class=\"elementor-element elementor-element-f2c7207 e-grid e-con-boxed e-con e-parent\" data-id=\"f2c7207\" data-element_type=\"container\" data-settings=\"{&quot;background_background&quot;:&quot;classic&quot;}\">\n\t\t\t\t\t<div class=\"e-con-inner\">\n\t\t\t\t<div class=\"elementor-element elementor-element-20642cc elementor-widget__width-inherit elementor-widget elementor-widget-heading\" data-id=\"20642cc\" data-element_type=\"widget\" data-widget_type=\"heading.default\">\n\t\t\t\t\t<h2 class=\"elementor-heading-title elementor-size-default\">Valores<\/h2>\t\t\t\t<\/div>\n\t\t\t\t<div class=\"elementor-element elementor-element-bd2eb4d elementor-widget elementor-widget-text-editor\" data-id=\"bd2eb4d\" data-element_type=\"widget\" data-widget_type=\"text-editor.default\">\n\t\t\t\t\t\t\t\t\t<p><b>Prote\u00e7\u00e3o e Confian\u00e7a<\/b><span style=\"font-weight: 400;\"> \u2013 Cuidamos de cada ideia com a seriedade e a confidencialidade que ela merece.<br \/><br \/><\/span><b>Excel\u00eancia T\u00e9cnica<\/b><span style=\"font-weight: 400;\"> \u2013 Atuamos com rigor, atualiza\u00e7\u00e3o constante e comprometimento com resultados.<br \/><br \/><\/span><b>Vis\u00e3o Estrat\u00e9gica<\/b><span style=\"font-weight: 400;\"> \u2013 Enxergamos al\u00e9m do registro, guiando o cliente para o crescimento com seguran\u00e7a.<br \/><br \/><\/span><b>Originalidade e Inova\u00e7\u00e3o<\/b><span style=\"font-weight: 400;\"> \u2013 Valorizamos o novo, o criativo e o aut\u00eantico como motores do progresso.<br \/><br \/><\/span><b>Parceria e Humanidade<\/b><span style=\"font-weight: 400;\"> \u2013 Crescemos junto com nossos clientes, com empatia, \u00e9tica e prop\u00f3sito.<br \/><br \/><\/span><b style=\"font-size: 1rem;\">Sustentabilidade e Legado<\/b><span style=\"font-size: 1rem;\"> \u2013 Trabalhamos para construir valor duradouro e marcas que atravessam gera\u00e7\u00f5es.<\/span><span style=\"font-size: 1rem;\">\u00a0<\/span><\/p>\t\t\t\t\t\t\t\t<\/div>\n\t\t\t\t\t<\/div>\n\t\t\t\t<\/div>\n\t\t\t\t<\/div>\n\t\t","protected":false},"excerpt":{"rendered":"<p>Quem Somos &#8211; Nossa Hist\u00f3ria Fundada em 25 de maio de 2012, a ent\u00e3o P&amp;A Marcas e Patentes nasceu do desejo de oferecer seguran\u00e7a, seriedade e credibilidade a empreendedores e empresas que acreditam no poder das ideias. Ao longo dos anos, construiu uma trajet\u00f3ria s\u00f3lida, marcada pela entrega de resultados, pela confian\u00e7a de centenas de [&hellip;]<\/p>\n","protected":false},"author":1,"featured_media":0,"parent":0,"menu_order":0,"comment_status":"closed","ping_status":"closed","template":"elementor_header_footer","meta":{"footnotes":""},"class_list":["post-34","page","type-page","status-publish","hentry"],"_links":{"self":[{"href":"https:\/\/brendamarques.com.br\/index.php\/wp-json\/wp\/v2\/pages\/34","targetHints":{"allow":["GET"]}}],"collection":[{"href":"https:\/\/brendamarques.com.br\/index.php\/wp-json\/wp\/v2\/pages"}],"about":[{"href":"https:\/\/brendamarques.com.br\/index.php\/wp-json\/wp\/v2\/types\/page"}],"author":[{"embeddable":true,"href":"https:\/\/brendamarques.com.br\/index.php\/wp-json\/wp\/v2\/users\/1"}],"replies":[{"embeddable":true,"href":"https:\/\/brendamarques.com.br\/index.php\/wp-json\/wp\/v2\/comments?post=34"}],"version-history":[{"count":12,"href":"https:\/\/brendamarques.com.br\/index.php\/wp-json\/wp\/v2\/pages\/34\/revisions"}],"predecessor-version":[{"id":659,"href":"https:\/\/brendamarques.com.br\/index.php\/wp-json\/wp\/v2\/pages\/34\/revisions\/659"}],"wp:attachment":[{"href":"https:\/\/brendamarques.com.br\/index.php\/wp-json\/wp\/v2\/media?parent=34"}],"curies":[{"name":"wp","href":"https:\/\/api.w.org\/{rel}","templated":true}]}}