{"id":36,"date":"2025-11-07T19:43:38","date_gmt":"2025-11-07T22:43:38","guid":{"rendered":"https:\/\/brendamarques.com.br\/?page_id=36"},"modified":"2025-11-17T14:13:34","modified_gmt":"2025-11-17T17:13:34","slug":"areas-de-atuacao","status":"publish","type":"page","link":"https:\/\/brendamarques.com.br\/index.php\/areas-de-atuacao\/","title":{"rendered":"\u00c1reas de Atua\u00e7\u00e3o"},"content":{"rendered":"\t\t<div data-elementor-type=\"wp-page\" data-elementor-id=\"36\" class=\"elementor elementor-36\" data-elementor-post-type=\"page\">\n\t\t\t\t<div class=\"elementor-element elementor-element-7a63453 e-flex e-con-boxed e-con e-parent\" data-id=\"7a63453\" data-element_type=\"container\" data-settings=\"{&quot;background_background&quot;:&quot;classic&quot;}\">\n\t\t\t\t\t<div class=\"e-con-inner\">\n\t\t\t\t\t<\/div>\n\t\t\t\t<\/div>\n\t\t<div class=\"elementor-element elementor-element-cdd23c8 e-flex e-con-boxed e-con e-parent\" data-id=\"cdd23c8\" data-element_type=\"container\" data-settings=\"{&quot;background_background&quot;:&quot;classic&quot;}\">\n\t\t\t\t\t<div class=\"e-con-inner\">\n\t\t\t\t\t<\/div>\n\t\t\t\t<\/div>\n\t\t<div class=\"elementor-element elementor-element-f8e2e85 e-flex e-con-boxed e-con e-parent\" data-id=\"f8e2e85\" data-element_type=\"container\" data-settings=\"{&quot;background_background&quot;:&quot;classic&quot;}\">\n\t\t\t\t\t<div class=\"e-con-inner\">\n\t\t\t\t<div class=\"elementor-element elementor-element-6fd9401 elementor-invisible elementor-widget elementor-widget-heading\" data-id=\"6fd9401\" data-element_type=\"widget\" data-settings=\"{&quot;_animation&quot;:&quot;fadeIn&quot;}\" data-widget_type=\"heading.default\">\n\t\t\t\t\t<h2 class=\"elementor-heading-title elementor-size-default\">\u00c1reas de Atua\u00e7\u00e3o\u200b<\/h2>\t\t\t\t<\/div>\n\t\t\t\t<div class=\"elementor-element elementor-element-628237e elementor-widget-divider--view-line elementor-invisible elementor-widget elementor-widget-divider\" data-id=\"628237e\" data-element_type=\"widget\" data-settings=\"{&quot;_animation&quot;:&quot;fadeIn&quot;}\" data-widget_type=\"divider.default\">\n\t\t\t\t\t\t\t<div class=\"elementor-divider\">\n\t\t\t<span class=\"elementor-divider-separator\">\n\t\t\t\t\t\t<\/span>\n\t\t<\/div>\n\t\t\t\t\t\t<\/div>\n\t\t\t\t\t<\/div>\n\t\t\t\t<\/div>\n\t\t<div class=\"elementor-element elementor-element-ad4e858 e-flex e-con-boxed e-con e-parent\" data-id=\"ad4e858\" data-element_type=\"container\" data-settings=\"{&quot;background_background&quot;:&quot;classic&quot;}\">\n\t\t\t\t\t<div class=\"e-con-inner\">\n\t\t<div class=\"elementor-element elementor-element-acf22b0 e-con-full e-flex e-con e-child\" data-id=\"acf22b0\" data-element_type=\"container\">\n\t\t<div class=\"elementor-element elementor-element-b51eba7 e-con-full e-flex e-con e-child\" data-id=\"b51eba7\" data-element_type=\"container\" data-settings=\"{&quot;background_background&quot;:&quot;classic&quot;}\">\n\t\t\t\t<div class=\"elementor-element elementor-element-39d42c4 elementor-widget elementor-widget-image\" data-id=\"39d42c4\" data-element_type=\"widget\" data-widget_type=\"image.default\">\n\t\t\t\t\t\t\t\t\t\t\t\t\t\t\t<img fetchpriority=\"high\" decoding=\"async\" width=\"800\" height=\"800\" src=\"https:\/\/brendamarques.com.br\/wp-content\/uploads\/2025\/11\/regitro-de-marca-1024x1024.png\" class=\"attachment-large size-large wp-image-670\" alt=\"\" srcset=\"https:\/\/brendamarques.com.br\/wp-content\/uploads\/2025\/11\/regitro-de-marca-1024x1024.png 1024w, https:\/\/brendamarques.com.br\/wp-content\/uploads\/2025\/11\/regitro-de-marca-300x300.png 300w, https:\/\/brendamarques.com.br\/wp-content\/uploads\/2025\/11\/regitro-de-marca-150x150.png 150w, https:\/\/brendamarques.com.br\/wp-content\/uploads\/2025\/11\/regitro-de-marca-768x768.png 768w, https:\/\/brendamarques.com.br\/wp-content\/uploads\/2025\/11\/regitro-de-marca.png 1080w\" sizes=\"(max-width: 800px) 100vw, 800px\" \/>\t\t\t\t\t\t\t\t\t\t\t\t\t\t\t<\/div>\n\t\t\t\t<div class=\"elementor-element elementor-element-210a235 elementor-widget elementor-widget-heading\" data-id=\"210a235\" data-element_type=\"widget\" data-widget_type=\"heading.default\">\n\t\t\t\t\t<h3 class=\"elementor-heading-title elementor-size-default\">Registro de Marcas (Nacional e Internacional) <\/h3>\t\t\t\t<\/div>\n\t\t\t\t<div class=\"elementor-element elementor-element-35f76cc elementor-widget__width-inherit elementor-widget elementor-widget-text-editor\" data-id=\"35f76cc\" data-element_type=\"widget\" data-widget_type=\"text-editor.default\">\n\t\t\t\t\t\t\t\t\t<p><span style=\"font-weight: 400;\">A marca \u00e9 o maior ativo de uma empresa, \u00e9 o que diferencia, representa e d\u00e1 valor ao neg\u00f3cio.<\/span><\/p>\t\t\t\t\t\t\t\t<\/div>\n\t\t\t\t<div class=\"elementor-element elementor-element-4236b6e elementor-widget__width-inherit elementor-widget elementor-widget-text-editor\" data-id=\"4236b6e\" data-element_type=\"widget\" data-widget_type=\"text-editor.default\">\n\t\t\t\t\t\t\t\t\t<p><span style=\"font-weight: 400;\">Na <\/span><b>Brenda Marques Propriedade Intelectual<\/b><span style=\"font-weight: 400;\">, realizamos o registro de marcas no <\/span><b>Brasil e no exterior<\/b><span style=\"font-weight: 400;\">, somos procuradores de pequenas, m\u00e9dias e grandes empresas nacionais e internacionais, garantindo exclusividade e seguran\u00e7a jur\u00eddica.<\/span><\/p><p><b>Proteger sua marca \u00e9 garantir espa\u00e7o, autoridade e continuidade no mercado.<\/b><\/p>\t\t\t\t\t\t\t\t<\/div>\n\t\t\t\t<\/div>\n\t\t<div class=\"elementor-element elementor-element-4fc4461 e-con-full e-flex e-con e-child\" data-id=\"4fc4461\" data-element_type=\"container\" data-settings=\"{&quot;background_background&quot;:&quot;classic&quot;}\">\n\t\t\t\t<div class=\"elementor-element elementor-element-995b05c elementor-widget elementor-widget-image\" data-id=\"995b05c\" data-element_type=\"widget\" data-widget_type=\"image.default\">\n\t\t\t\t\t\t\t\t\t\t\t\t\t\t\t<img decoding=\"async\" width=\"800\" height=\"800\" src=\"https:\/\/brendamarques.com.br\/wp-content\/uploads\/2025\/11\/patentes-1024x1024.png\" class=\"attachment-large size-large wp-image-671\" alt=\"\" srcset=\"https:\/\/brendamarques.com.br\/wp-content\/uploads\/2025\/11\/patentes-1024x1024.png 1024w, https:\/\/brendamarques.com.br\/wp-content\/uploads\/2025\/11\/patentes-300x300.png 300w, https:\/\/brendamarques.com.br\/wp-content\/uploads\/2025\/11\/patentes-150x150.png 150w, https:\/\/brendamarques.com.br\/wp-content\/uploads\/2025\/11\/patentes-768x768.png 768w, https:\/\/brendamarques.com.br\/wp-content\/uploads\/2025\/11\/patentes.png 1080w\" sizes=\"(max-width: 800px) 100vw, 800px\" \/>\t\t\t\t\t\t\t\t\t\t\t\t\t\t\t<\/div>\n\t\t\t\t<div class=\"elementor-element elementor-element-cc3be63 elementor-widget elementor-widget-heading\" data-id=\"cc3be63\" data-element_type=\"widget\" data-widget_type=\"heading.default\">\n\t\t\t\t\t<h3 class=\"elementor-heading-title elementor-size-default\">Patentes<\/h3>\t\t\t\t<\/div>\n\t\t\t\t<div class=\"elementor-element elementor-element-0309ea2 elementor-widget__width-inherit elementor-widget elementor-widget-text-editor\" data-id=\"0309ea2\" data-element_type=\"widget\" data-widget_type=\"text-editor.default\">\n\t\t\t\t\t\t\t\t\t<p><span style=\"font-weight: 400;\">Protegemos inven\u00e7\u00f5es, produtos e processos industriais com inova\u00e7\u00e3o comprovada.<\/span><span style=\"font-weight: 400;\"><br \/><\/span><span style=\"font-weight: 400;\"> O registro de patente assegura ao titular o <\/span><b>direito de uso exclusivo<\/b><span style=\"font-weight: 400;\">, impedindo c\u00f3pias e aproveitamento indevido.<\/span><span style=\"font-weight: 400;\"><br \/><\/span> <b>Registrar \u00e9 transformar inova\u00e7\u00e3o em patrim\u00f4nio.<\/b><\/p>\t\t\t\t\t\t\t\t<\/div>\n\t\t\t\t<\/div>\n\t\t<div class=\"elementor-element elementor-element-0f9ef80 e-con-full e-flex e-con e-child\" data-id=\"0f9ef80\" data-element_type=\"container\" data-settings=\"{&quot;background_background&quot;:&quot;classic&quot;}\">\n\t\t\t\t<div class=\"elementor-element elementor-element-15c4155 elementor-widget elementor-widget-image\" data-id=\"15c4155\" data-element_type=\"widget\" data-widget_type=\"image.default\">\n\t\t\t\t\t\t\t\t\t\t\t\t\t\t\t<img decoding=\"async\" width=\"800\" height=\"800\" src=\"https:\/\/brendamarques.com.br\/wp-content\/uploads\/2025\/11\/desenho-industrial-1024x1024.png\" class=\"attachment-large size-large wp-image-673\" alt=\"\" srcset=\"https:\/\/brendamarques.com.br\/wp-content\/uploads\/2025\/11\/desenho-industrial-1024x1024.png 1024w, https:\/\/brendamarques.com.br\/wp-content\/uploads\/2025\/11\/desenho-industrial-300x300.png 300w, https:\/\/brendamarques.com.br\/wp-content\/uploads\/2025\/11\/desenho-industrial-150x150.png 150w, https:\/\/brendamarques.com.br\/wp-content\/uploads\/2025\/11\/desenho-industrial-768x768.png 768w, https:\/\/brendamarques.com.br\/wp-content\/uploads\/2025\/11\/desenho-industrial.png 1080w\" sizes=\"(max-width: 800px) 100vw, 800px\" \/>\t\t\t\t\t\t\t\t\t\t\t\t\t\t\t<\/div>\n\t\t\t\t<div class=\"elementor-element elementor-element-254f207 elementor-widget elementor-widget-heading\" data-id=\"254f207\" data-element_type=\"widget\" data-widget_type=\"heading.default\">\n\t\t\t\t\t<h3 class=\"elementor-heading-title elementor-size-default\">Desenhos Industriais<\/h3>\t\t\t\t<\/div>\n\t\t\t\t<div class=\"elementor-element elementor-element-d9a605d elementor-widget__width-inherit elementor-widget elementor-widget-text-editor\" data-id=\"d9a605d\" data-element_type=\"widget\" data-widget_type=\"text-editor.default\">\n\t\t\t\t\t\t\t\t\t<p><span style=\"font-weight: 400;\">O design tamb\u00e9m \u00e9 um diferencial competitivo.<\/span><span style=\"font-weight: 400;\"><br \/><\/span><span style=\"font-weight: 400;\"> Registramos o formato e a apar\u00eancia de produtos, embalagens e cria\u00e7\u00f5es visuais com valor comercial.<\/span><span style=\"font-weight: 400;\"><br \/><\/span> <b>Apar\u00eancia \u00e9 identidade e identidade precisa ser protegida.<\/b><\/p>\t\t\t\t\t\t\t\t<\/div>\n\t\t\t\t<\/div>\n\t\t<div class=\"elementor-element elementor-element-d0f5da6 e-con-full e-flex e-con e-child\" data-id=\"d0f5da6\" data-element_type=\"container\" data-settings=\"{&quot;background_background&quot;:&quot;classic&quot;}\">\n\t\t\t\t<div class=\"elementor-element elementor-element-13bc94f elementor-widget elementor-widget-image\" data-id=\"13bc94f\" data-element_type=\"widget\" data-widget_type=\"image.default\">\n\t\t\t\t\t\t\t\t\t\t\t\t\t\t\t<img loading=\"lazy\" decoding=\"async\" width=\"800\" height=\"800\" src=\"https:\/\/brendamarques.com.br\/wp-content\/uploads\/2025\/11\/direito-autoral-1024x1024.png\" class=\"attachment-large size-large wp-image-672\" alt=\"\" srcset=\"https:\/\/brendamarques.com.br\/wp-content\/uploads\/2025\/11\/direito-autoral-1024x1024.png 1024w, https:\/\/brendamarques.com.br\/wp-content\/uploads\/2025\/11\/direito-autoral-300x300.png 300w, https:\/\/brendamarques.com.br\/wp-content\/uploads\/2025\/11\/direito-autoral-150x150.png 150w, https:\/\/brendamarques.com.br\/wp-content\/uploads\/2025\/11\/direito-autoral-768x768.png 768w, https:\/\/brendamarques.com.br\/wp-content\/uploads\/2025\/11\/direito-autoral.png 1080w\" sizes=\"(max-width: 800px) 100vw, 800px\" \/>\t\t\t\t\t\t\t\t\t\t\t\t\t\t\t<\/div>\n\t\t\t\t<div class=\"elementor-element elementor-element-72270d6 elementor-widget elementor-widget-heading\" data-id=\"72270d6\" data-element_type=\"widget\" data-widget_type=\"heading.default\">\n\t\t\t\t\t<h3 class=\"elementor-heading-title elementor-size-default\">Direitos Autorais (Biblioteca Nacional e INPI)<\/h3>\t\t\t\t<\/div>\n\t\t\t\t<div class=\"elementor-element elementor-element-ac72f39 elementor-widget__width-inherit elementor-widget elementor-widget-text-editor\" data-id=\"ac72f39\" data-element_type=\"widget\" data-widget_type=\"text-editor.default\">\n\t\t\t\t\t\t\t\t\t<p><span style=\"font-weight: 400;\">Protegemos obras liter\u00e1rias, art\u00edsticas, musicais, cient\u00edficas e digitais \u2014 desde livros e m\u00fasicas at\u00e9 cat\u00e1logos e sites.<br \/><\/span><span style=\"font-weight: 400;\"><br \/><\/span><span style=\"font-weight: 400;\"> O registro na <\/span><b>Biblioteca Nacional<\/b><span style=\"font-weight: 400;\"> ou no <\/span><b>INPI<\/b><span style=\"font-weight: 400;\"> comprova a autoria e garante prote\u00e7\u00e3o legal contra c\u00f3pias.<br \/><\/span><span style=\"font-weight: 400;\"><br \/><\/span> <b>Criar \u00e9 um dom. Registrar \u00e9 preservar o reconhecimento.<\/b><\/p>\t\t\t\t\t\t\t\t<\/div>\n\t\t\t\t<\/div>\n\t\t<div class=\"elementor-element elementor-element-be6bbac e-con-full e-flex e-con e-child\" data-id=\"be6bbac\" data-element_type=\"container\" data-settings=\"{&quot;background_background&quot;:&quot;classic&quot;}\">\n\t\t\t\t<div class=\"elementor-element elementor-element-c1eb9cf elementor-widget elementor-widget-image\" data-id=\"c1eb9cf\" data-element_type=\"widget\" data-widget_type=\"image.default\">\n\t\t\t\t\t\t\t\t\t\t\t\t\t\t\t<img loading=\"lazy\" decoding=\"async\" width=\"800\" height=\"800\" src=\"https:\/\/brendamarques.com.br\/wp-content\/uploads\/2025\/11\/software-1-1024x1024.png\" class=\"attachment-large size-large wp-image-674\" alt=\"\" srcset=\"https:\/\/brendamarques.com.br\/wp-content\/uploads\/2025\/11\/software-1-1024x1024.png 1024w, https:\/\/brendamarques.com.br\/wp-content\/uploads\/2025\/11\/software-1-300x300.png 300w, https:\/\/brendamarques.com.br\/wp-content\/uploads\/2025\/11\/software-1-150x150.png 150w, https:\/\/brendamarques.com.br\/wp-content\/uploads\/2025\/11\/software-1-768x768.png 768w, https:\/\/brendamarques.com.br\/wp-content\/uploads\/2025\/11\/software-1.png 1080w\" sizes=\"(max-width: 800px) 100vw, 800px\" \/>\t\t\t\t\t\t\t\t\t\t\t\t\t\t\t<\/div>\n\t\t\t\t<div class=\"elementor-element elementor-element-594d804 elementor-widget elementor-widget-heading\" data-id=\"594d804\" data-element_type=\"widget\" data-widget_type=\"heading.default\">\n\t\t\t\t\t<h3 class=\"elementor-heading-title elementor-size-default\">Softwares e Aplicativos<\/h3>\t\t\t\t<\/div>\n\t\t\t\t<div class=\"elementor-element elementor-element-fd3467f elementor-widget__width-inherit elementor-widget elementor-widget-text-editor\" data-id=\"fd3467f\" data-element_type=\"widget\" data-widget_type=\"text-editor.default\">\n\t\t\t\t\t\t\t\t\t<p><span style=\"font-weight: 400;\">Registramos programas de computador e aplicativos junto ao <\/span><b>INPI<\/b><span style=\"font-weight: 400;\">, assegurando a autoria, originalidade e o uso exclusivo.<br \/><\/span><span style=\"font-weight: 400;\"><br \/><\/span> <b>O registro \u00e9 essencial para evitar pl\u00e1gio, c\u00f3pias ou explora\u00e7\u00e3o indevida do c\u00f3digo e da interface.<\/b><\/p>\t\t\t\t\t\t\t\t<\/div>\n\t\t\t\t<\/div>\n\t\t<div class=\"elementor-element elementor-element-57d457d e-con-full e-flex e-con e-child\" data-id=\"57d457d\" data-element_type=\"container\" data-settings=\"{&quot;background_background&quot;:&quot;classic&quot;}\">\n\t\t\t\t<div class=\"elementor-element elementor-element-c5cdb42 elementor-widget elementor-widget-image\" data-id=\"c5cdb42\" data-element_type=\"widget\" data-widget_type=\"image.default\">\n\t\t\t\t\t\t\t\t\t\t\t\t\t\t\t<img loading=\"lazy\" decoding=\"async\" width=\"800\" height=\"800\" src=\"https:\/\/brendamarques.com.br\/wp-content\/uploads\/2025\/11\/contratos-1024x1024.png\" class=\"attachment-large size-large wp-image-675\" alt=\"\" srcset=\"https:\/\/brendamarques.com.br\/wp-content\/uploads\/2025\/11\/contratos-1024x1024.png 1024w, https:\/\/brendamarques.com.br\/wp-content\/uploads\/2025\/11\/contratos-300x300.png 300w, https:\/\/brendamarques.com.br\/wp-content\/uploads\/2025\/11\/contratos-150x150.png 150w, https:\/\/brendamarques.com.br\/wp-content\/uploads\/2025\/11\/contratos-768x768.png 768w, https:\/\/brendamarques.com.br\/wp-content\/uploads\/2025\/11\/contratos.png 1080w\" sizes=\"(max-width: 800px) 100vw, 800px\" \/>\t\t\t\t\t\t\t\t\t\t\t\t\t\t\t<\/div>\n\t\t\t\t<div class=\"elementor-element elementor-element-96fb380 elementor-widget elementor-widget-heading\" data-id=\"96fb380\" data-element_type=\"widget\" data-widget_type=\"heading.default\">\n\t\t\t\t\t<h3 class=\"elementor-heading-title elementor-size-default\">Contratos e Licenciamento\u200b<\/h3>\t\t\t\t<\/div>\n\t\t\t\t<div class=\"elementor-element elementor-element-d101310 elementor-widget__width-inherit elementor-widget elementor-widget-text-editor\" data-id=\"d101310\" data-element_type=\"widget\" data-widget_type=\"text-editor.default\">\n\t\t\t\t\t\t\t\t\t<p><span style=\"font-weight: 400;\">Elaboramos e registramos contratos de cess\u00e3o, transfer\u00eancia e licenciamento de marcas, patentes e softwares.<br \/><\/span><span style=\"font-weight: 400;\"><br \/><\/span><span style=\"font-weight: 400;\"> Garantimos seguran\u00e7a jur\u00eddica em parcerias comerciais e uso de propriedade intelectual por terceiros.<br \/><\/span><span style=\"font-weight: 400;\"><br \/><\/span> <b>Neg\u00f3cios s\u00f3lidos exigem contratos bem estruturados.<\/b><\/p>\t\t\t\t\t\t\t\t<\/div>\n\t\t\t\t<\/div>\n\t\t<div class=\"elementor-element elementor-element-3dbdffe e-con-full e-flex e-con e-child\" data-id=\"3dbdffe\" data-element_type=\"container\" data-settings=\"{&quot;background_background&quot;:&quot;classic&quot;}\">\n\t\t\t\t<div class=\"elementor-element elementor-element-9f788bb elementor-widget elementor-widget-image\" data-id=\"9f788bb\" data-element_type=\"widget\" data-widget_type=\"image.default\">\n\t\t\t\t\t\t\t\t\t\t\t\t\t\t\t<img loading=\"lazy\" decoding=\"async\" width=\"800\" height=\"800\" src=\"https:\/\/brendamarques.com.br\/wp-content\/uploads\/2025\/11\/franaquias-1024x1024.png\" class=\"attachment-large size-large wp-image-676\" alt=\"\" srcset=\"https:\/\/brendamarques.com.br\/wp-content\/uploads\/2025\/11\/franaquias-1024x1024.png 1024w, https:\/\/brendamarques.com.br\/wp-content\/uploads\/2025\/11\/franaquias-300x300.png 300w, https:\/\/brendamarques.com.br\/wp-content\/uploads\/2025\/11\/franaquias-150x150.png 150w, https:\/\/brendamarques.com.br\/wp-content\/uploads\/2025\/11\/franaquias-768x768.png 768w, https:\/\/brendamarques.com.br\/wp-content\/uploads\/2025\/11\/franaquias.png 1080w\" sizes=\"(max-width: 800px) 100vw, 800px\" \/>\t\t\t\t\t\t\t\t\t\t\t\t\t\t\t<\/div>\n\t\t\t\t<div class=\"elementor-element elementor-element-153dc76 elementor-widget elementor-widget-heading\" data-id=\"153dc76\" data-element_type=\"widget\" data-widget_type=\"heading.default\">\n\t\t\t\t\t<h3 class=\"elementor-heading-title elementor-size-default\">Franquias e Expans\u00e3o de Neg\u00f3cios<\/h3>\t\t\t\t<\/div>\n\t\t\t\t<div class=\"elementor-element elementor-element-ad51204 elementor-widget__width-inherit elementor-widget elementor-widget-text-editor\" data-id=\"ad51204\" data-element_type=\"widget\" data-widget_type=\"text-editor.default\">\n\t\t\t\t\t\t\t\t\t<p><span style=\"font-weight: 400;\">Auxiliamos na estrutura\u00e7\u00e3o e registro de franquias, garantindo o uso correto da marca e do modelo de neg\u00f3cio.<br \/><\/span><span style=\"font-weight: 400;\"><br \/><\/span> <b>A expans\u00e3o segura come\u00e7a com a prote\u00e7\u00e3o da identidade e do know-how da empresa.<\/b><\/p>\t\t\t\t\t\t\t\t<\/div>\n\t\t\t\t<\/div>\n\t\t<div class=\"elementor-element elementor-element-b4a0abe e-con-full e-flex e-con e-child\" data-id=\"b4a0abe\" data-element_type=\"container\" data-settings=\"{&quot;background_background&quot;:&quot;classic&quot;}\">\n\t\t\t\t<div class=\"elementor-element elementor-element-b802976 elementor-widget elementor-widget-image\" data-id=\"b802976\" data-element_type=\"widget\" data-widget_type=\"image.default\">\n\t\t\t\t\t\t\t\t\t\t\t\t\t\t\t<img loading=\"lazy\" decoding=\"async\" width=\"800\" height=\"800\" src=\"https:\/\/brendamarques.com.br\/wp-content\/uploads\/2025\/11\/segredo-industrial-1024x1024.png\" class=\"attachment-large size-large wp-image-677\" alt=\"\" srcset=\"https:\/\/brendamarques.com.br\/wp-content\/uploads\/2025\/11\/segredo-industrial-1024x1024.png 1024w, https:\/\/brendamarques.com.br\/wp-content\/uploads\/2025\/11\/segredo-industrial-300x300.png 300w, https:\/\/brendamarques.com.br\/wp-content\/uploads\/2025\/11\/segredo-industrial-150x150.png 150w, https:\/\/brendamarques.com.br\/wp-content\/uploads\/2025\/11\/segredo-industrial-768x768.png 768w, https:\/\/brendamarques.com.br\/wp-content\/uploads\/2025\/11\/segredo-industrial.png 1080w\" sizes=\"(max-width: 800px) 100vw, 800px\" \/>\t\t\t\t\t\t\t\t\t\t\t\t\t\t\t<\/div>\n\t\t\t\t<div class=\"elementor-element elementor-element-77c074f elementor-widget elementor-widget-heading\" data-id=\"77c074f\" data-element_type=\"widget\" data-widget_type=\"heading.default\">\n\t\t\t\t\t<h3 class=\"elementor-heading-title elementor-size-default\">Segredos Industriais e Confidencialidade<\/h3>\t\t\t\t<\/div>\n\t\t\t\t<div class=\"elementor-element elementor-element-770e857 elementor-widget__width-inherit elementor-widget elementor-widget-text-editor\" data-id=\"770e857\" data-element_type=\"widget\" data-widget_type=\"text-editor.default\">\n\t\t\t\t\t\t\t\t\t<p><span style=\"font-weight: 400;\">Orientamos e estruturamos pol\u00edticas de sigilo e contratos de confidencialidade (NDA) para empresas e equipes t\u00e9cnicas.<br \/><\/span><span style=\"font-weight: 400;\"><br \/><\/span> <b>Nem tudo se registra, mas tudo deve ser protegido.<\/b><\/p>\t\t\t\t\t\t\t\t<\/div>\n\t\t\t\t<\/div>\n\t\t<div class=\"elementor-element elementor-element-91e950c e-con-full e-flex e-con e-child\" data-id=\"91e950c\" data-element_type=\"container\" data-settings=\"{&quot;background_background&quot;:&quot;classic&quot;}\">\n\t\t\t\t<div class=\"elementor-element elementor-element-6fd08d4 elementor-widget elementor-widget-image\" data-id=\"6fd08d4\" data-element_type=\"widget\" data-widget_type=\"image.default\">\n\t\t\t\t\t\t\t\t\t\t\t\t\t\t\t<img loading=\"lazy\" decoding=\"async\" width=\"800\" height=\"800\" src=\"https:\/\/brendamarques.com.br\/wp-content\/uploads\/2025\/11\/monitoramento-1024x1024.png\" class=\"attachment-large size-large wp-image-678\" alt=\"\" srcset=\"https:\/\/brendamarques.com.br\/wp-content\/uploads\/2025\/11\/monitoramento-1024x1024.png 1024w, https:\/\/brendamarques.com.br\/wp-content\/uploads\/2025\/11\/monitoramento-300x300.png 300w, https:\/\/brendamarques.com.br\/wp-content\/uploads\/2025\/11\/monitoramento-150x150.png 150w, https:\/\/brendamarques.com.br\/wp-content\/uploads\/2025\/11\/monitoramento-768x768.png 768w, https:\/\/brendamarques.com.br\/wp-content\/uploads\/2025\/11\/monitoramento.png 1080w\" sizes=\"(max-width: 800px) 100vw, 800px\" \/>\t\t\t\t\t\t\t\t\t\t\t\t\t\t\t<\/div>\n\t\t\t\t<div class=\"elementor-element elementor-element-9958e0c elementor-widget elementor-widget-heading\" data-id=\"9958e0c\" data-element_type=\"widget\" data-widget_type=\"heading.default\">\n\t\t\t\t\t<h3 class=\"elementor-heading-title elementor-size-default\">Monitoramento e Defesa de Direitos<\/h3>\t\t\t\t<\/div>\n\t\t\t\t<div class=\"elementor-element elementor-element-fb6ad21 elementor-widget__width-inherit elementor-widget elementor-widget-text-editor\" data-id=\"fb6ad21\" data-element_type=\"widget\" data-widget_type=\"text-editor.default\">\n\t\t\t\t\t\t\t\t\t<p><span style=\"font-weight: 400;\">Realizamos o acompanhamento de marcas, patentes e obras registradas para prevenir infra\u00e7\u00f5es e falsifica\u00e7\u00f5es.<br \/><\/span><span style=\"font-weight: 400;\"><br \/><\/span> <b>A prote\u00e7\u00e3o \u00e9 cont\u00ednua: defender \u00e9 t\u00e3o importante quanto registrar.<\/b><\/p>\t\t\t\t\t\t\t\t<\/div>\n\t\t\t\t<\/div>\n\t\t<div class=\"elementor-element elementor-element-88fc690 e-con-full e-flex e-con e-child\" data-id=\"88fc690\" data-element_type=\"container\" data-settings=\"{&quot;background_background&quot;:&quot;classic&quot;}\">\n\t\t\t\t<div class=\"elementor-element elementor-element-5790621 elementor-widget elementor-widget-image\" data-id=\"5790621\" data-element_type=\"widget\" data-widget_type=\"image.default\">\n\t\t\t\t\t\t\t\t\t\t\t\t\t\t\t<img loading=\"lazy\" decoding=\"async\" width=\"800\" height=\"800\" src=\"https:\/\/brendamarques.com.br\/wp-content\/uploads\/2025\/11\/estrategias-1-1024x1024.png\" class=\"attachment-large size-large wp-image-679\" alt=\"\" srcset=\"https:\/\/brendamarques.com.br\/wp-content\/uploads\/2025\/11\/estrategias-1-1024x1024.png 1024w, https:\/\/brendamarques.com.br\/wp-content\/uploads\/2025\/11\/estrategias-1-300x300.png 300w, https:\/\/brendamarques.com.br\/wp-content\/uploads\/2025\/11\/estrategias-1-150x150.png 150w, https:\/\/brendamarques.com.br\/wp-content\/uploads\/2025\/11\/estrategias-1-768x768.png 768w, https:\/\/brendamarques.com.br\/wp-content\/uploads\/2025\/11\/estrategias-1.png 1080w\" sizes=\"(max-width: 800px) 100vw, 800px\" \/>\t\t\t\t\t\t\t\t\t\t\t\t\t\t\t<\/div>\n\t\t\t\t<div class=\"elementor-element elementor-element-755be95 elementor-widget elementor-widget-heading\" data-id=\"755be95\" data-element_type=\"widget\" data-widget_type=\"heading.default\">\n\t\t\t\t\t<h3 class=\"elementor-heading-title elementor-size-default\">Estrat\u00e9gias de Propriedade Intelectual e Valoriza\u00e7\u00e3o de Ativos<\/h3>\t\t\t\t<\/div>\n\t\t\t\t<div class=\"elementor-element elementor-element-38ffd63 elementor-widget__width-inherit elementor-widget elementor-widget-text-editor\" data-id=\"38ffd63\" data-element_type=\"widget\" data-widget_type=\"text-editor.default\">\n\t\t\t\t\t\t\t\t\t<p><span style=\"font-weight: 400;\">Desenvolvemos estrat\u00e9gias personalizadas para aumentar o valor de mercado de ativos intang\u00edveis e posicionar a marca com autoridade.<br \/><\/span><span style=\"font-weight: 400;\"><br \/><\/span><b>Proteger \u00e9 o primeiro passo, crescer com estrat\u00e9gia \u00e9 o pr\u00f3ximo.<\/b><\/p>\t\t\t\t\t\t\t\t<\/div>\n\t\t\t\t<\/div>\n\t\t\t\t<\/div>\n\t\t\t\t\t<\/div>\n\t\t\t\t<\/div>\n\t\t\t\t<\/div>\n\t\t","protected":false},"excerpt":{"rendered":"<p>\u00c1reas de Atua\u00e7\u00e3o\u200b Registro de Marcas (Nacional e Internacional) A marca \u00e9 o maior ativo de uma empresa, \u00e9 o que diferencia, representa e d\u00e1 valor ao neg\u00f3cio. Na Brenda Marques Propriedade Intelectual, realizamos o registro de marcas no Brasil e no exterior, somos procuradores de pequenas, m\u00e9dias e grandes empresas nacionais e internacionais, garantindo [&hellip;]<\/p>\n","protected":false},"author":1,"featured_media":0,"parent":0,"menu_order":0,"comment_status":"closed","ping_status":"closed","template":"","meta":{"footnotes":""},"class_list":["post-36","page","type-page","status-publish","hentry"],"_links":{"self":[{"href":"https:\/\/brendamarques.com.br\/index.php\/wp-json\/wp\/v2\/pages\/36","targetHints":{"allow":["GET"]}}],"collection":[{"href":"https:\/\/brendamarques.com.br\/index.php\/wp-json\/wp\/v2\/pages"}],"about":[{"href":"https:\/\/brendamarques.com.br\/index.php\/wp-json\/wp\/v2\/types\/page"}],"author":[{"embeddable":true,"href":"https:\/\/brendamarques.com.br\/index.php\/wp-json\/wp\/v2\/users\/1"}],"replies":[{"embeddable":true,"href":"https:\/\/brendamarques.com.br\/index.php\/wp-json\/wp\/v2\/comments?post=36"}],"version-history":[{"count":12,"href":"https:\/\/brendamarques.com.br\/index.php\/wp-json\/wp\/v2\/pages\/36\/revisions"}],"predecessor-version":[{"id":696,"href":"https:\/\/brendamarques.com.br\/index.php\/wp-json\/wp\/v2\/pages\/36\/revisions\/696"}],"wp:attachment":[{"href":"https:\/\/brendamarques.com.br\/index.php\/wp-json\/wp\/v2\/media?parent=36"}],"curies":[{"name":"wp","href":"https:\/\/api.w.org\/{rel}","templated":true}]}}