{"id":38,"date":"2025-11-07T19:44:02","date_gmt":"2025-11-07T22:44:02","guid":{"rendered":"https:\/\/brendamarques.com.br\/?page_id=38"},"modified":"2025-11-17T11:50:27","modified_gmt":"2025-11-17T14:50:27","slug":"nossa-experiencia","status":"publish","type":"page","link":"https:\/\/brendamarques.com.br\/index.php\/nossa-experiencia\/","title":{"rendered":"Nossa Experi\u00eancia"},"content":{"rendered":"\t\t<div data-elementor-type=\"wp-page\" data-elementor-id=\"38\" class=\"elementor elementor-38\" data-elementor-post-type=\"page\">\n\t\t\t\t<div class=\"elementor-element elementor-element-2b4824a e-flex e-con-boxed e-con e-parent\" data-id=\"2b4824a\" data-element_type=\"container\">\n\t\t\t\t\t<div class=\"e-con-inner\">\n\t\t\t\t\t<\/div>\n\t\t\t\t<\/div>\n\t\t<div class=\"elementor-element elementor-element-fca45f3 e-flex e-con-boxed e-con e-parent\" data-id=\"fca45f3\" data-element_type=\"container\">\n\t\t\t\t\t<div class=\"e-con-inner\">\n\t\t\t\t\t<\/div>\n\t\t\t\t<\/div>\n\t\t<div class=\"elementor-element elementor-element-0f4cd36 e-flex e-con-boxed e-con e-parent\" data-id=\"0f4cd36\" data-element_type=\"container\" data-settings=\"{&quot;background_background&quot;:&quot;classic&quot;}\">\n\t\t\t\t\t<div class=\"e-con-inner\">\n\t\t\t\t<div class=\"elementor-element elementor-element-b400063 elementor-invisible elementor-widget elementor-widget-heading\" data-id=\"b400063\" data-element_type=\"widget\" data-settings=\"{&quot;_animation&quot;:&quot;fadeIn&quot;}\" data-widget_type=\"heading.default\">\n\t\t\t\t\t<h2 class=\"elementor-heading-title elementor-size-default\">Nossa Experi\u00eancia<\/h2>\t\t\t\t<\/div>\n\t\t\t\t<div class=\"elementor-element elementor-element-494e45e elementor-widget-divider--view-line elementor-invisible elementor-widget elementor-widget-divider\" data-id=\"494e45e\" data-element_type=\"widget\" data-settings=\"{&quot;_animation&quot;:&quot;fadeIn&quot;}\" data-widget_type=\"divider.default\">\n\t\t\t\t\t\t\t<div class=\"elementor-divider\">\n\t\t\t<span class=\"elementor-divider-separator\">\n\t\t\t\t\t\t<\/span>\n\t\t<\/div>\n\t\t\t\t\t\t<\/div>\n\t\t<div class=\"elementor-element elementor-element-a87b772 e-con-full e-flex e-con e-child\" data-id=\"a87b772\" data-element_type=\"container\">\n\t\t\t\t<div class=\"elementor-element elementor-element-0f7703b elementor-widget elementor-widget-text-editor\" data-id=\"0f7703b\" data-element_type=\"widget\" data-widget_type=\"text-editor.default\">\n\t\t\t\t\t\t\t\t\t<p><b>Somos uma equipe altamente qualificada, preparada para oferecer assessoria completa em todas as \u00e1reas da Propriedade Intelectual.<br \/><\/b><b><br \/><\/b><span style=\"font-weight: 400;\"> Combinamos conhecimento t\u00e9cnico, vis\u00e3o estrat\u00e9gica e sensibilidade de mercado para proteger e potencializar ativos intang\u00edveis de empresas em todo o Brasil.<\/span><\/p><p><span style=\"font-weight: 400;\">A experi\u00eancia de nossa empresa foi constru\u00edda ao longo de mais de uma d\u00e9cada de atua\u00e7\u00e3o s\u00f3lida, com centenas de marcas e patentes registradas e acompanhadas com excel\u00eancia.<br \/><\/span><span style=\"font-weight: 400;\"><br \/><\/span><span style=\"font-weight: 400;\"> Nosso diferencial est\u00e1 na uni\u00e3o entre <\/span><b>rigor jur\u00eddico<\/b><span style=\"font-weight: 400;\">, <\/span><b>vis\u00e3o empresarial<\/b><span style=\"font-weight: 400;\"> e <\/span><b>proximidade com o cliente<\/b><span style=\"font-weight: 400;\">, traduzindo cada processo em resultados concretos de crescimento e valoriza\u00e7\u00e3o.<\/span><\/p><p><span style=\"font-weight: 400;\">Acreditamos que cada cria\u00e7\u00e3o \u00e9 \u00fanica e merece nascer e crescer com prote\u00e7\u00e3o.<\/span><\/p><p><span style=\"font-weight: 400;\">Mais do que especialistas, somos parceiros de empresas, empreendedores e inventores que constroem o futuro com originalidade e prop\u00f3sito.<\/span><\/p><p><b>Experi\u00eancia que protege. T\u00e9cnica que transforma.<\/b><b><br \/><\/b><b>Pessoas que impulsionam o sucesso da sua marca.<\/b><\/p>\t\t\t\t\t\t\t\t<\/div>\n\t\t\t\t<\/div>\n\t\t<div class=\"elementor-element elementor-element-21fa3db e-con-full e-flex e-con e-child\" data-id=\"21fa3db\" data-element_type=\"container\">\n\t\t<div class=\"elementor-element elementor-element-a0e3c59 e-con-full e-flex e-con e-child\" data-id=\"a0e3c59\" data-element_type=\"container\">\n\t\t<div class=\"elementor-element elementor-element-9c3d2a3 e-con-full e-flex e-con e-child\" data-id=\"9c3d2a3\" data-element_type=\"container\">\n\t\t\t\t<div class=\"elementor-element elementor-element-bf52306 elementor-invisible elementor-widget elementor-widget-heading\" data-id=\"bf52306\" data-element_type=\"widget\" data-settings=\"{&quot;_animation&quot;:&quot;fadeIn&quot;}\" data-widget_type=\"heading.default\">\n\t\t\t\t\t<h2 class=\"elementor-heading-title elementor-size-default\">Equipe e Lideran\u00e7a<\/h2>\t\t\t\t<\/div>\n\t\t\t\t<\/div>\n\t\t\t\t<\/div>\n\t\t\t\t<\/div>\n\t\t<div class=\"elementor-element elementor-element-07cc6f7 e-con-full e-flex e-con e-child\" data-id=\"07cc6f7\" data-element_type=\"container\">\n\t\t<div class=\"elementor-element elementor-element-c5bc738 e-con-full e-flex e-con e-child\" data-id=\"c5bc738\" data-element_type=\"container\">\n\t\t<div class=\"elementor-element elementor-element-40ee530 e-con-full e-flex e-con e-child\" data-id=\"40ee530\" data-element_type=\"container\">\n\t\t<div class=\"elementor-element elementor-element-00d32d0 e-con-full e-flex e-con e-child\" data-id=\"00d32d0\" data-element_type=\"container\">\n\t\t\t\t<div class=\"elementor-element elementor-element-bd807f0 elementor-widget elementor-widget-text-editor\" data-id=\"bd807f0\" data-element_type=\"widget\" data-widget_type=\"text-editor.default\">\n\t\t\t\t\t\t\t\t\t<p><span style=\"font-weight: 400;\">No in\u00edcio da carreira, <\/span><b>Brenda Marques<\/b><span style=\"font-weight: 400;\"> n\u00e3o tinha uma equipe nem um nome consolidado,&nbsp; mas tinha algo essencial: um olhar atento ao que muitos ignoravam.<br><\/span><span style=\"font-weight: 400;\"><br><\/span><span style=\"font-weight: 400;\">Enquanto atuava em um escrit\u00f3rio de marcas, identificou processos esquecidos, pedidos indeferidos e empresas que perderam o direito sobre o pr\u00f3prio nome por falta de acompanhamento jur\u00eddico.<\/span><span style=\"font-weight: 400;\"><br><\/span><span style=\"font-weight: 400;\">Foi nesse cen\u00e1rio que nasceu sua voca\u00e7\u00e3o: proteger o que tem valor antes que o valor se perca.<\/span><\/p>\n<p><span style=\"font-weight: 400;\">Formada em Direito e p\u00f3s-graduada em Propriedade Intelectual e Direito Empresarial, <\/span><b>Brenda atua h\u00e1 mais de 15 anos na \u00e1rea<\/b><span style=\"font-weight: 400;\">, com experi\u00eancia s\u00f3lida em registro, gest\u00e3o e defesa de ativos intang\u00edveis no Brasil e no exterior.<\/span><span style=\"font-weight: 400;\"><br><\/span><span style=\"font-weight: 400;\">Ao longo dessa trajet\u00f3ria, construiu uma reputa\u00e7\u00e3o de excel\u00eancia, transformando vulnerabilidades em blindagem jur\u00eddica e comercial para empresas de todos os portes.<\/span><\/p>\n<p><span style=\"font-weight: 400;\">Hoje, \u00e0 frente da <\/span><b>Brenda Marques Propriedade<\/b> <b>Intelectual<\/b><span style=\"font-weight: 400;\">, lidera uma equipe t\u00e9cnica altamente qualificada composta pelos setores engenharia, setor jur\u00eddico e satisfa\u00e7\u00e3o do cliente, todos com forma\u00e7\u00e3o acad\u00e9mica e forma\u00e7\u00e3o direta junto ao \u00d3rg\u00e3o Federal INPI, contando com muit\u00edssima experi\u00eancia profissional focada em Propriedade Intelectual, ainda setores, comercial, administrativo e financeiro, que atua em n\u00edvel nacional e internacional, assegurando prote\u00e7\u00e3o, valoriza\u00e7\u00e3o e estrat\u00e9gia em marcas, patentes, softwares, direitos autorais, desenhos industriais e contratos.<\/span><\/p>\n<p><span style=\"font-weight: 400;\">Brenda representa uma nova gera\u00e7\u00e3o de profissionais que unem t\u00e9cnica, estrat\u00e9gia e prop\u00f3sito, defendendo com a mesma intensidade o nome de uma pequena empreendedora ou a expans\u00e3o global de uma grande empresa.<\/span><\/p>\n<p><span style=\"font-weight: 400;\"><br><\/span><strong> Porque proteger propriedade intelectual \u00e9 proteger sonhos, reputa\u00e7\u00f5es e futuros<\/strong><\/p>\t\t\t\t\t\t\t\t<\/div>\n\t\t\t\t<\/div>\n\t\t\t\t<\/div>\n\t\t\t\t<\/div>\n\t\t<div class=\"elementor-element elementor-element-b5497aa e-con-full e-flex e-con e-child\" data-id=\"b5497aa\" data-element_type=\"container\">\n\t\t<div class=\"elementor-element elementor-element-e1496fb e-con-full e-flex e-con e-child\" data-id=\"e1496fb\" data-element_type=\"container\" data-settings=\"{&quot;animation&quot;:&quot;none&quot;}\">\n\t\t<div class=\"elementor-element elementor-element-c0f5872 e-con-full e-flex e-con e-child\" data-id=\"c0f5872\" data-element_type=\"container\">\n\t\t\t\t<div class=\"elementor-element elementor-element-b081ad2 elementor-invisible elementor-widget elementor-widget-image\" data-id=\"b081ad2\" data-element_type=\"widget\" data-settings=\"{&quot;_animation&quot;:&quot;fadeInRight&quot;}\" data-widget_type=\"image.default\">\n\t\t\t\t\t\t\t\t\t\t\t\t\t\t\t<img fetchpriority=\"high\" decoding=\"async\" width=\"682\" height=\"1024\" src=\"https:\/\/brendamarques.com.br\/wp-content\/uploads\/2025\/11\/brenda-formatura-682x1024.jpeg\" class=\"attachment-large size-large wp-image-615\" alt=\"\" srcset=\"https:\/\/brendamarques.com.br\/wp-content\/uploads\/2025\/11\/brenda-formatura-682x1024.jpeg 682w, https:\/\/brendamarques.com.br\/wp-content\/uploads\/2025\/11\/brenda-formatura-200x300.jpeg 200w, https:\/\/brendamarques.com.br\/wp-content\/uploads\/2025\/11\/brenda-formatura-768x1152.jpeg 768w, https:\/\/brendamarques.com.br\/wp-content\/uploads\/2025\/11\/brenda-formatura.jpeg 853w\" sizes=\"(max-width: 682px) 100vw, 682px\" \/>\t\t\t\t\t\t\t\t\t\t\t\t\t\t\t<\/div>\n\t\t\t\t<\/div>\n\t\t\t\t<\/div>\n\t\t\t\t<\/div>\n\t\t\t\t<\/div>\n\t\t<div class=\"elementor-element elementor-element-f9e26ca e-con-full e-flex e-con e-child\" data-id=\"f9e26ca\" data-element_type=\"container\" data-settings=\"{&quot;background_background&quot;:&quot;classic&quot;}\">\n\t\t\t\t<div class=\"elementor-element elementor-element-048cba8 elementor-widget-divider--view-line elementor-invisible elementor-widget elementor-widget-divider\" data-id=\"048cba8\" data-element_type=\"widget\" data-settings=\"{&quot;_animation&quot;:&quot;fadeIn&quot;}\" data-widget_type=\"divider.default\">\n\t\t\t\t\t\t\t<div class=\"elementor-divider\">\n\t\t\t<span class=\"elementor-divider-separator\">\n\t\t\t\t\t\t<\/span>\n\t\t<\/div>\n\t\t\t\t\t\t<\/div>\n\t\t\t\t<\/div>\n\t\t\t\t\t<\/div>\n\t\t\t\t<\/div>\n\t\t\t\t<\/div>\n\t\t","protected":false},"excerpt":{"rendered":"<p>Nossa Experi\u00eancia Somos uma equipe altamente qualificada, preparada para oferecer assessoria completa em todas as \u00e1reas da Propriedade Intelectual. Combinamos conhecimento t\u00e9cnico, vis\u00e3o estrat\u00e9gica e sensibilidade de mercado para proteger e potencializar ativos intang\u00edveis de empresas em todo o Brasil. A experi\u00eancia de nossa empresa foi constru\u00edda ao longo de mais de uma d\u00e9cada de [&hellip;]<\/p>\n","protected":false},"author":1,"featured_media":0,"parent":0,"menu_order":0,"comment_status":"closed","ping_status":"closed","template":"","meta":{"footnotes":""},"class_list":["post-38","page","type-page","status-publish","hentry"],"_links":{"self":[{"href":"https:\/\/brendamarques.com.br\/index.php\/wp-json\/wp\/v2\/pages\/38","targetHints":{"allow":["GET"]}}],"collection":[{"href":"https:\/\/brendamarques.com.br\/index.php\/wp-json\/wp\/v2\/pages"}],"about":[{"href":"https:\/\/brendamarques.com.br\/index.php\/wp-json\/wp\/v2\/types\/page"}],"author":[{"embeddable":true,"href":"https:\/\/brendamarques.com.br\/index.php\/wp-json\/wp\/v2\/users\/1"}],"replies":[{"embeddable":true,"href":"https:\/\/brendamarques.com.br\/index.php\/wp-json\/wp\/v2\/comments?post=38"}],"version-history":[{"count":9,"href":"https:\/\/brendamarques.com.br\/index.php\/wp-json\/wp\/v2\/pages\/38\/revisions"}],"predecessor-version":[{"id":669,"href":"https:\/\/brendamarques.com.br\/index.php\/wp-json\/wp\/v2\/pages\/38\/revisions\/669"}],"wp:attachment":[{"href":"https:\/\/brendamarques.com.br\/index.php\/wp-json\/wp\/v2\/media?parent=38"}],"curies":[{"name":"wp","href":"https:\/\/api.w.org\/{rel}","templated":true}]}}